{"id":15993,"date":"2026-02-01T14:51:23","date_gmt":"2026-02-01T14:51:23","guid":{"rendered":"https:\/\/techstore.ba\/shop\/product\/tefal-blender-1400w\/"},"modified":"2026-02-18T18:49:52","modified_gmt":"2026-02-18T17:49:52","slug":"tefal-blender-1400w","status":"publish","type":"product","link":"https:\/\/techstore.ba\/shop\/product\/tefal-blender-1400w\/","title":{"rendered":"Tefal blender 1400W"},"content":{"rendered":"<h3>Specifikacije<\/h3>\n<table style=\"border-collapse:collapse;width:100%\">\n<tr>\n<th style=\"text-align:left;padding:6px 10px;border:1px solid #eee\">POWER_KITCHAPP<\/th>\n<td style=\"padding:6px 10px;border:1px solid #eee\">1400W<\/td>\n<\/tr>\n<tr>\n<th style=\"text-align:left;padding:6px 10px;border:1px solid #eee\">TYPEBL_KITCHAPP<\/th>\n<td style=\"padding:6px 10px;border:1px solid #eee\">Multipraktik<\/td>\n<\/tr>\n<\/table>\n","protected":false},"excerpt":{"rendered":"<p>Tefal Perfectmix Cook Steam BL83SD30 stolni vi\u0161enamjenski blender.10 automatskih programa (4 hladna i 6 toplih).1400 W.Powelix  o\u0161trice.Lako \u010di\u0161\u0107enje o\u0161trica.Zdravo kuhanje na pari uz ko\u0161aru.Kapacitet 2L.6 lopatica za mje\u0161anje.6 brzina+pulsing<\/p>\n","protected":false},"featured_media":22146,"template":"","meta":[],"product_cat":[771,844,15],"product_tag":[],"class_list":{"0":"post-15993","1":"product","2":"type-product","3":"status-publish","4":"has-post-thumbnail","6":"product_cat-ct-blenderi","7":"product_cat-brend-tefal","8":"product_cat-uncategorized","9":"pa_brend-blenderi","11":"first","12":"instock","13":"shipping-taxable","14":"purchasable","15":"product-type-simple"},"_links":{"self":[{"href":"https:\/\/techstore.ba\/shop\/wp-json\/wp\/v2\/product\/15993","targetHints":{"allow":["GET"]}}],"collection":[{"href":"https:\/\/techstore.ba\/shop\/wp-json\/wp\/v2\/product"}],"about":[{"href":"https:\/\/techstore.ba\/shop\/wp-json\/wp\/v2\/types\/product"}],"wp:featuredmedia":[{"embeddable":true,"href":"https:\/\/techstore.ba\/shop\/wp-json\/wp\/v2\/media\/22146"}],"wp:attachment":[{"href":"https:\/\/techstore.ba\/shop\/wp-json\/wp\/v2\/media?parent=15993"}],"wp:term":[{"taxonomy":"product_cat","embeddable":true,"href":"https:\/\/techstore.ba\/shop\/wp-json\/wp\/v2\/product_cat?post=15993"},{"taxonomy":"product_tag","embeddable":true,"href":"https:\/\/techstore.ba\/shop\/wp-json\/wp\/v2\/product_tag?post=15993"}],"curies":[{"name":"wp","href":"https:\/\/api.w.org\/{rel}","templated":true}]}}