{"id":15974,"date":"2026-02-01T15:51:07","date_gmt":"2026-02-01T14:51:07","guid":{"rendered":"https:\/\/techstore.ba\/shop\/product\/rowenta-pegla-za-kosu-kl-karl-lagerfeld-easyliss\/"},"modified":"2026-03-19T14:23:00","modified_gmt":"2026-03-19T13:23:00","slug":"rowenta-pegla-za-kosu-kl-karl-lagerfeld-easyliss","status":"publish","type":"product","link":"https:\/\/techstore.ba\/shop\/product\/rowenta-pegla-za-kosu-kl-karl-lagerfeld-easyliss\/","title":{"rendered":"Rowenta pegla za kosu KL Karl Lagerfeld Easyliss"},"content":{"rendered":"<p>Rowenta-Karl Lagerfedl Easyliss SF161LFO pegla za kosu.Bezbri\u017eno oblikovanje uz mono temperaturni na\u010din za brzu izvedbu i jednostavna kontrola.Kerami\u010dka turmalinska prevlaka za ugla\u0111enu i sjajnu kosu.Sistem plutaju\u0107ih plo\u010da.<\/p>\n","protected":false},"excerpt":{"rendered":"<p>Rowenta-Karl Lagerfedl Easyliss SF161LFO pegla za kosu.Bezbri\u017eno oblikovanje uz mono temperaturni na\u010din za brzu izvedbu i jednostavna kontrola.Kerami\u010dka turmalinska prevlaka za ugla\u0111enu i sjajnu kosu.Sistem plutaju\u0107ih plo\u010da.<\/p>\n","protected":false},"featured_media":21264,"template":"","meta":[],"product_cat":[770,563],"product_tag":[],"class_list":{"0":"post-15974","1":"product","2":"type-product","3":"status-publish","4":"has-post-thumbnail","6":"product_cat-ct-beautycare","7":"product_cat-brend-rowenta","8":"pa_brend-proizvodi-za-njegu-i-ljepotu","10":"first","11":"instock","12":"shipping-taxable","13":"purchasable","14":"product-type-simple"},"_links":{"self":[{"href":"https:\/\/techstore.ba\/shop\/wp-json\/wp\/v2\/product\/15974","targetHints":{"allow":["GET"]}}],"collection":[{"href":"https:\/\/techstore.ba\/shop\/wp-json\/wp\/v2\/product"}],"about":[{"href":"https:\/\/techstore.ba\/shop\/wp-json\/wp\/v2\/types\/product"}],"wp:featuredmedia":[{"embeddable":true,"href":"https:\/\/techstore.ba\/shop\/wp-json\/wp\/v2\/media\/21264"}],"wp:attachment":[{"href":"https:\/\/techstore.ba\/shop\/wp-json\/wp\/v2\/media?parent=15974"}],"wp:term":[{"taxonomy":"product_cat","embeddable":true,"href":"https:\/\/techstore.ba\/shop\/wp-json\/wp\/v2\/product_cat?post=15974"},{"taxonomy":"product_tag","embeddable":true,"href":"https:\/\/techstore.ba\/shop\/wp-json\/wp\/v2\/product_tag?post=15974"}],"curies":[{"name":"wp","href":"https:\/\/api.w.org\/{rel}","templated":true}]}}