{"id":15973,"date":"2026-02-01T15:51:07","date_gmt":"2026-02-01T14:51:07","guid":{"rendered":"https:\/\/techstore.ba\/shop\/product\/rowenta-epilator-silence-soft\/"},"modified":"2026-03-19T14:23:00","modified_gmt":"2026-03-19T13:23:00","slug":"rowenta-epilator-silence-soft","status":"publish","type":"product","link":"https:\/\/techstore.ba\/shop\/product\/rowenta-epilator-silence-soft\/","title":{"rendered":"Rowenta epilator Silence Soft"},"content":{"rendered":"<p>Rowenta Silence Soft epilator EP5640D1.4 puta ti\u0161i za diskretnu upotrebu.Micro-contact comfort patentirana tehnologija za 100 kontakt sa ko\u017eom.Osvjetljava epiliranu povr\u0161inu.Glava za piling.Dodaci za brijanje,pazuhe i bikini.Jednostavno odr\u017eavanje.<\/p>\n","protected":false},"excerpt":{"rendered":"<p>Rowenta Silence Soft epilator EP5640D1.4 puta ti\u0161i za diskretnu upotrebu.Micro-contact comfort patentirana tehnologija za 100 kontakt sa ko\u017eom.Osvjetljava epiliranu povr\u0161inu.Glava za piling.Dodaci za brijanje,pazuhe i bikini.Jednostavno odr\u017eavanje.<\/p>\n","protected":false},"featured_media":21250,"template":"","meta":[],"product_cat":[770,563],"product_tag":[],"class_list":{"0":"post-15973","1":"product","2":"type-product","3":"status-publish","4":"has-post-thumbnail","6":"product_cat-ct-beautycare","7":"product_cat-brend-rowenta","8":"pa_brend-proizvodi-za-njegu-i-ljepotu","10":"first","11":"outofstock","12":"shipping-taxable","13":"purchasable","14":"product-type-simple"},"_links":{"self":[{"href":"https:\/\/techstore.ba\/shop\/wp-json\/wp\/v2\/product\/15973","targetHints":{"allow":["GET"]}}],"collection":[{"href":"https:\/\/techstore.ba\/shop\/wp-json\/wp\/v2\/product"}],"about":[{"href":"https:\/\/techstore.ba\/shop\/wp-json\/wp\/v2\/types\/product"}],"wp:featuredmedia":[{"embeddable":true,"href":"https:\/\/techstore.ba\/shop\/wp-json\/wp\/v2\/media\/21250"}],"wp:attachment":[{"href":"https:\/\/techstore.ba\/shop\/wp-json\/wp\/v2\/media?parent=15973"}],"wp:term":[{"taxonomy":"product_cat","embeddable":true,"href":"https:\/\/techstore.ba\/shop\/wp-json\/wp\/v2\/product_cat?post=15973"},{"taxonomy":"product_tag","embeddable":true,"href":"https:\/\/techstore.ba\/shop\/wp-json\/wp\/v2\/product_tag?post=15973"}],"curies":[{"name":"wp","href":"https:\/\/api.w.org\/{rel}","templated":true}]}}