{"id":15972,"date":"2026-02-01T15:51:07","date_gmt":"2026-02-01T14:51:07","guid":{"rendered":"https:\/\/techstore.ba\/shop\/product\/rowenta-rotirajuca-cetka-1000w\/"},"modified":"2026-02-05T07:38:00","modified_gmt":"2026-02-05T06:38:00","slug":"rowenta-rotirajuca-cetka-1000w","status":"publish","type":"product","link":"https:\/\/techstore.ba\/shop\/product\/rowenta-rotirajuca-cetka-1000w\/","title":{"rendered":"Rowenta rotiraju\u0107a \u010detka 1000W"},"content":{"rendered":"<p>Rowenta Brush Activ Karl Lagerfeld rotiraju\u0107a \u010detka. Keratin&amp;Glow premaz,za blistav sjaj i antistaticki efekat.Dvije veli\u010dine \u010detke 50mm za srednje dugu kosu i 40mm za kratku kosu i \u0161i\u0161ke. 0-1-2 postavke brzine\/temperature za su\u0161enje i stiliziranje.<\/p>\n","protected":false},"excerpt":{"rendered":"<p>Rowenta Brush Activ Karl Lagerfeld rotiraju\u0107a \u010detka. Keratin&#038;Glow premaz,za blistav sjaj i antistaticki efekat.Dvije veli\u010dine \u010detke 50mm za srednje dugu kosu i 40mm za kratku kosu i \u0161i\u0161ke. 0-1-2 postavke brzine\/temperature za su\u0161enje i stiliziranje.<\/p>\n","protected":false},"featured_media":21248,"template":"","meta":[],"product_cat":[15],"product_tag":[],"class_list":{"0":"post-15972","1":"product","2":"type-product","3":"status-publish","4":"has-post-thumbnail","6":"product_cat-uncategorized","7":"pa_brend-uncategorized","9":"first","10":"outofstock","11":"shipping-taxable","12":"purchasable","13":"product-type-simple"},"_links":{"self":[{"href":"https:\/\/techstore.ba\/shop\/wp-json\/wp\/v2\/product\/15972","targetHints":{"allow":["GET"]}}],"collection":[{"href":"https:\/\/techstore.ba\/shop\/wp-json\/wp\/v2\/product"}],"about":[{"href":"https:\/\/techstore.ba\/shop\/wp-json\/wp\/v2\/types\/product"}],"wp:featuredmedia":[{"embeddable":true,"href":"https:\/\/techstore.ba\/shop\/wp-json\/wp\/v2\/media\/21248"}],"wp:attachment":[{"href":"https:\/\/techstore.ba\/shop\/wp-json\/wp\/v2\/media?parent=15972"}],"wp:term":[{"taxonomy":"product_cat","embeddable":true,"href":"https:\/\/techstore.ba\/shop\/wp-json\/wp\/v2\/product_cat?post=15972"},{"taxonomy":"product_tag","embeddable":true,"href":"https:\/\/techstore.ba\/shop\/wp-json\/wp\/v2\/product_tag?post=15972"}],"curies":[{"name":"wp","href":"https:\/\/api.w.org\/{rel}","templated":true}]}}