{"id":15951,"date":"2026-02-01T15:50:58","date_gmt":"2026-02-01T14:50:58","guid":{"rendered":"https:\/\/techstore.ba\/shop\/product\/trust-primo-univerzalni-punjacza-laptop-70w\/"},"modified":"2026-04-04T10:53:51","modified_gmt":"2026-04-04T08:53:51","slug":"trust-primo-univerzalni-punjacza-laptop-70w","status":"publish","type":"product","link":"https:\/\/techstore.ba\/shop\/product\/trust-primo-univerzalni-punjacza-laptop-70w\/","title":{"rendered":"Trust Primo univerzalni punja\u010dza laptop, 70W"},"content":{"rendered":"<p>Trust Primo punja\u010d za laptop 70w, 19v, univerzalni punja\u010d, 3m kabl, Acer, Asus, Dell, HP, Lenovo&#8230;<\/p>\n","protected":false},"excerpt":{"rendered":"<p>Trust Primo punja\u010d za laptop 70w, 19v, univerzalni punja\u010d, 3m kabl, Acer, Asus, Dell, HP, Lenovo&#8230;<\/p>\n","protected":false},"featured_media":20952,"template":"","meta":[],"product_cat":[294,553],"product_tag":[],"class_list":{"0":"post-15951","1":"product","2":"type-product","3":"status-publish","4":"has-post-thumbnail","6":"product_cat-ct-baterije","7":"product_cat-brend-trust","8":"pa_brend-baterije","10":"first","11":"instock","12":"shipping-taxable","13":"purchasable","14":"product-type-simple"},"_links":{"self":[{"href":"https:\/\/techstore.ba\/shop\/wp-json\/wp\/v2\/product\/15951","targetHints":{"allow":["GET"]}}],"collection":[{"href":"https:\/\/techstore.ba\/shop\/wp-json\/wp\/v2\/product"}],"about":[{"href":"https:\/\/techstore.ba\/shop\/wp-json\/wp\/v2\/types\/product"}],"wp:featuredmedia":[{"embeddable":true,"href":"https:\/\/techstore.ba\/shop\/wp-json\/wp\/v2\/media\/20952"}],"wp:attachment":[{"href":"https:\/\/techstore.ba\/shop\/wp-json\/wp\/v2\/media?parent=15951"}],"wp:term":[{"taxonomy":"product_cat","embeddable":true,"href":"https:\/\/techstore.ba\/shop\/wp-json\/wp\/v2\/product_cat?post=15951"},{"taxonomy":"product_tag","embeddable":true,"href":"https:\/\/techstore.ba\/shop\/wp-json\/wp\/v2\/product_tag?post=15951"}],"curies":[{"name":"wp","href":"https:\/\/api.w.org\/{rel}","templated":true}]}}