{"id":15910,"date":"2026-02-01T15:50:34","date_gmt":"2026-02-01T14:50:34","guid":{"rendered":"https:\/\/techstore.ba\/shop\/product\/philips-radio-sa-satom-tar4600lcd-zaslon-fm-dabusb-c-prikljucak\/"},"modified":"2026-04-04T10:53:16","modified_gmt":"2026-04-04T08:53:16","slug":"philips-radio-sa-satom-tar4600lcd-zaslon-fm-dabusb-c-prikljucak","status":"publish","type":"product","link":"https:\/\/techstore.ba\/shop\/product\/philips-radio-sa-satom-tar4600lcd-zaslon-fm-dabusb-c-prikljucak\/","title":{"rendered":"Philips radio sa satom TAR4600LCD zaslon; FM\/DAB+;USB-C priklju\u010dak;"},"content":{"rendered":"<p>Philips radio sa satom TAR4600; LCD zaslon sjajne zavr\u0161ne obrade; FM\/DAB+ digitalno pode\u0161avanje; Sustav s dva alarma; Sustav s dva alarma; Prakti\u010dni USB-C priklju\u010dak; mogu\u010dnost rada sa baterijama 2 AAA baterije<\/p>\n","protected":false},"excerpt":{"rendered":"<p>Philips radio sa satom TAR4600; LCD zaslon sjajne zavr\u0161ne obrade; FM\/DAB+ digitalno pode\u0161avanje; Sustav s dva alarma; Sustav s dva alarma; Prakti\u010dni USB-C priklju\u010dak; mogu\u010dnost rada sa baterijama 2 AAA baterije<\/p>\n","protected":false},"featured_media":19898,"template":"","meta":[],"product_cat":[291,559],"product_tag":[],"class_list":{"0":"post-15910","1":"product","2":"type-product","3":"status-publish","4":"has-post-thumbnail","6":"product_cat-ct-audiovideo","7":"product_cat-brend-philips","8":"pa_brend-audio-video-oprema","10":"first","11":"instock","12":"shipping-taxable","13":"purchasable","14":"product-type-simple"},"_links":{"self":[{"href":"https:\/\/techstore.ba\/shop\/wp-json\/wp\/v2\/product\/15910","targetHints":{"allow":["GET"]}}],"collection":[{"href":"https:\/\/techstore.ba\/shop\/wp-json\/wp\/v2\/product"}],"about":[{"href":"https:\/\/techstore.ba\/shop\/wp-json\/wp\/v2\/types\/product"}],"wp:featuredmedia":[{"embeddable":true,"href":"https:\/\/techstore.ba\/shop\/wp-json\/wp\/v2\/media\/19898"}],"wp:attachment":[{"href":"https:\/\/techstore.ba\/shop\/wp-json\/wp\/v2\/media?parent=15910"}],"wp:term":[{"taxonomy":"product_cat","embeddable":true,"href":"https:\/\/techstore.ba\/shop\/wp-json\/wp\/v2\/product_cat?post=15910"},{"taxonomy":"product_tag","embeddable":true,"href":"https:\/\/techstore.ba\/shop\/wp-json\/wp\/v2\/product_tag?post=15910"}],"curies":[{"name":"wp","href":"https:\/\/api.w.org\/{rel}","templated":true}]}}