{"id":15909,"date":"2026-02-01T14:50:34","date_gmt":"2026-02-01T14:50:34","guid":{"rendered":"https:\/\/techstore.ba\/shop\/product\/philips-radio-sa-satom-tar4500velik-jasan-zaslon-2-alarmafm-digitalno-podesavanje-usb-c-prikljuc\/"},"modified":"2026-04-04T10:53:16","modified_gmt":"2026-04-04T08:53:16","slug":"philips-radio-sa-satom-tar4500velik-jasan-zaslon-2-alarmafm-digitalno-podesavanje-usb-c-prikljuc","status":"publish","type":"product","link":"https:\/\/techstore.ba\/shop\/product\/philips-radio-sa-satom-tar4500velik-jasan-zaslon-2-alarmafm-digitalno-podesavanje-usb-c-prikljuc\/","title":{"rendered":"Philips radio sa satom TAR4500Velik, jasan zaslon; 2 alarma;FM digitalno pode\u0161avanje; USB-C priklju\u010d"},"content":{"rendered":"<h3>Specifikacije<\/h3>\n<table style=\"border-collapse:collapse;width:100%\">\n<tr>\n<th style=\"text-align:left;padding:6px 10px;border:1px solid #eee\">TYPE_AVO<\/th>\n<td style=\"padding:6px 10px;border:1px solid #eee\">Dodatni zvucnici<\/td>\n<\/tr>\n<tr>\n<th style=\"text-align:left;padding:6px 10px;border:1px solid #eee\">OPTIKA_AV<\/th>\n<td style=\"padding:6px 10px;border:1px solid #eee\">Nema<\/td>\n<\/tr>\n<\/table>\n","protected":false},"excerpt":{"rendered":"<p>Philips radio sa satom TAR4500; Velik, jasan zaslon; Sustav s dva alarma; FM digitalno pode\u0161avanje; Prakti\u010dni USB-C priklju\u010dak; boja crna<\/p>\n","protected":false},"featured_media":19895,"template":"","meta":[],"product_cat":[291,559],"product_tag":[],"class_list":{"0":"post-15909","1":"product","2":"type-product","3":"status-publish","4":"has-post-thumbnail","6":"product_cat-ct-audiovideo","7":"product_cat-brend-philips","8":"pa_brend-audio-video-oprema","10":"first","11":"instock","12":"shipping-taxable","13":"purchasable","14":"product-type-simple"},"_links":{"self":[{"href":"https:\/\/techstore.ba\/shop\/wp-json\/wp\/v2\/product\/15909","targetHints":{"allow":["GET"]}}],"collection":[{"href":"https:\/\/techstore.ba\/shop\/wp-json\/wp\/v2\/product"}],"about":[{"href":"https:\/\/techstore.ba\/shop\/wp-json\/wp\/v2\/types\/product"}],"wp:featuredmedia":[{"embeddable":true,"href":"https:\/\/techstore.ba\/shop\/wp-json\/wp\/v2\/media\/19895"}],"wp:attachment":[{"href":"https:\/\/techstore.ba\/shop\/wp-json\/wp\/v2\/media?parent=15909"}],"wp:term":[{"taxonomy":"product_cat","embeddable":true,"href":"https:\/\/techstore.ba\/shop\/wp-json\/wp\/v2\/product_cat?post=15909"},{"taxonomy":"product_tag","embeddable":true,"href":"https:\/\/techstore.ba\/shop\/wp-json\/wp\/v2\/product_tag?post=15909"}],"curies":[{"name":"wp","href":"https:\/\/api.w.org\/{rel}","templated":true}]}}