{"id":15895,"date":"2026-02-01T15:49:54","date_gmt":"2026-02-01T14:49:54","guid":{"rendered":"https:\/\/techstore.ba\/shop\/product\/xiaomi-mi-set-sarafciger-24-1-24-visokoprecizna-vrha-aluminijsko-kuciste\/"},"modified":"2026-03-03T00:25:27","modified_gmt":"2026-03-02T23:25:27","slug":"xiaomi-mi-set-sarafciger-24-1-24-visokoprecizna-vrha-aluminijsko-kuciste","status":"publish","type":"product","link":"https:\/\/techstore.ba\/shop\/product\/xiaomi-mi-set-sarafciger-24-1-24-visokoprecizna-vrha-aluminijsko-kuciste\/","title":{"rendered":"Xiaomi Mi set \u0161arafciger 24\/1 24 visokoprecizna vrha, aluminijsko ku\u0107i\u0161te"},"content":{"rendered":"<p>Xiaomi Mi set \u0161arafciger 24\/1, 24 visokoprecizna vrha, aluminijsko ku\u0107i\u0161te<\/p>\n","protected":false},"excerpt":{"rendered":"<p>Xiaomi Mi set \u0161arafciger 24\/1, 24 visokoprecizna vrha, aluminijsko ku\u0107i\u0161te<\/p>\n","protected":false},"featured_media":17683,"template":"","meta":[],"product_cat":[765,554],"product_tag":[],"class_list":{"0":"post-15895","1":"product","2":"type-product","3":"status-publish","4":"has-post-thumbnail","6":"product_cat-ct-alati","7":"product_cat-brend-xiaomi","8":"pa_brend-alati","10":"first","11":"outofstock","12":"shipping-taxable","13":"purchasable","14":"product-type-simple"},"_links":{"self":[{"href":"https:\/\/techstore.ba\/shop\/wp-json\/wp\/v2\/product\/15895","targetHints":{"allow":["GET"]}}],"collection":[{"href":"https:\/\/techstore.ba\/shop\/wp-json\/wp\/v2\/product"}],"about":[{"href":"https:\/\/techstore.ba\/shop\/wp-json\/wp\/v2\/types\/product"}],"wp:featuredmedia":[{"embeddable":true,"href":"https:\/\/techstore.ba\/shop\/wp-json\/wp\/v2\/media\/17683"}],"wp:attachment":[{"href":"https:\/\/techstore.ba\/shop\/wp-json\/wp\/v2\/media?parent=15895"}],"wp:term":[{"taxonomy":"product_cat","embeddable":true,"href":"https:\/\/techstore.ba\/shop\/wp-json\/wp\/v2\/product_cat?post=15895"},{"taxonomy":"product_tag","embeddable":true,"href":"https:\/\/techstore.ba\/shop\/wp-json\/wp\/v2\/product_tag?post=15895"}],"curies":[{"name":"wp","href":"https:\/\/api.w.org\/{rel}","templated":true}]}}