{"id":15035,"date":"2026-02-01T13:37:59","date_gmt":"2026-02-01T13:37:59","guid":{"rendered":"https:\/\/techstore.ba\/shop\/product\/tesla-air-fryer-af701bxzapremina-7l-snaga-1700w\/"},"modified":"2026-03-03T00:22:57","modified_gmt":"2026-03-02T23:22:57","slug":"tesla-air-fryer-af701bxzapremina-7l-snaga-1700w","status":"publish","type":"product","link":"https:\/\/techstore.ba\/shop\/product\/tesla-air-fryer-af701bxzapremina-7l-snaga-1700w\/","title":{"rendered":"TESLA Air Fryer AF701BXZapremina 7L, Snaga 1700W"},"content":{"rendered":"<h3>Specifikacije<\/h3>\n<table style=\"border-collapse:collapse;width:100%\">\n<tr>\n<th style=\"text-align:left;padding:6px 10px;border:1px solid #eee\">DEPTH_AIRF<\/th>\n<td style=\"padding:6px 10px;border:1px solid #eee\">36<\/td>\n<\/tr>\n<tr>\n<th style=\"text-align:left;padding:6px 10px;border:1px solid #eee\">OIL_FREE_COOK_AIRF<\/th>\n<td style=\"padding:6px 10px;border:1px solid #eee\">Da<\/td>\n<\/tr>\n<tr>\n<th style=\"text-align:left;padding:6px 10px;border:1px solid #eee\">TOUCH_SCREEN_AIRF<\/th>\n<td style=\"padding:6px 10px;border:1px solid #eee\">Da<\/td>\n<\/tr>\n<tr>\n<th style=\"text-align:left;padding:6px 10px;border:1px solid #eee\">CAPACITY_AIRF<\/th>\n<td style=\"padding:6px 10px;border:1px solid #eee\">7L<\/td>\n<\/tr>\n<tr>\n<th style=\"text-align:left;padding:6px 10px;border:1px solid #eee\">COLOR_AIRF<\/th>\n<td style=\"padding:6px 10px;border:1px solid #eee\">Crna &#8211; Inox<\/td>\n<\/tr>\n<tr>\n<th style=\"text-align:left;padding:6px 10px;border:1px solid #eee\">HEIGHT_AIRF<\/th>\n<td style=\"padding:6px 10px;border:1px solid #eee\">32<\/td>\n<\/tr>\n<tr>\n<th style=\"text-align:left;padding:6px 10px;border:1px solid #eee\">POWER_AIRF<\/th>\n<td style=\"padding:6px 10px;border:1px solid #eee\">1700W<\/td>\n<\/tr>\n<tr>\n<th style=\"text-align:left;padding:6px 10px;border:1px solid #eee\">PROGRAMS_AIRF<\/th>\n<td style=\"padding:6px 10px;border:1px solid #eee\">12<\/td>\n<\/tr>\n<tr>\n<th style=\"text-align:left;padding:6px 10px;border:1px solid #eee\">TEMP_MAX_AIRF<\/th>\n<td style=\"padding:6px 10px;border:1px solid #eee\">200<\/td>\n<\/tr>\n<tr>\n<th style=\"text-align:left;padding:6px 10px;border:1px solid #eee\">TEMP_MIN_AIRF<\/th>\n<td style=\"padding:6px 10px;border:1px solid #eee\">60<\/td>\n<\/tr>\n<tr>\n<th style=\"text-align:left;padding:6px 10px;border:1px solid #eee\">TIME_CONTROL_AIRF<\/th>\n<td style=\"padding:6px 10px;border:1px solid #eee\">0-60min<\/td>\n<\/tr>\n<tr>\n<th style=\"text-align:left;padding:6px 10px;border:1px solid #eee\">WIDTH _AIRF<\/th>\n<td style=\"padding:6px 10px;border:1px solid #eee\">38<\/td>\n<\/tr>\n<\/table>\n","protected":false},"excerpt":{"rendered":"<p>Temp. 60-200C, vrijeme od 0-60 minuta, auto isklj\u010divanje, za\u0161tita protiv pregrijavanja, predgrijavanje, i okreni hranu.12 programa; pe\u010denje, ro\u0161tijsko pe\u010denje, podgrijavanje, odr\u017eavanje toplote, AirFryer, pomfrit, pile\u0107a krilca, morski plodovi<\/p>\n","protected":false},"featured_media":17208,"template":"","meta":[],"product_cat":[764,845,15],"product_tag":[],"class_list":{"0":"post-15035","1":"product","2":"type-product","3":"status-publish","4":"has-post-thumbnail","6":"product_cat-ct-airfryers","7":"product_cat-brend-tesla","8":"product_cat-uncategorized","9":"pa_brend-air-fryers","10":"pa_ekran-da","11":"pa_ram-1006","13":"first","14":"outofstock","15":"shipping-taxable","16":"purchasable","17":"product-type-simple"},"_links":{"self":[{"href":"https:\/\/techstore.ba\/shop\/wp-json\/wp\/v2\/product\/15035","targetHints":{"allow":["GET"]}}],"collection":[{"href":"https:\/\/techstore.ba\/shop\/wp-json\/wp\/v2\/product"}],"about":[{"href":"https:\/\/techstore.ba\/shop\/wp-json\/wp\/v2\/types\/product"}],"wp:featuredmedia":[{"embeddable":true,"href":"https:\/\/techstore.ba\/shop\/wp-json\/wp\/v2\/media\/17208"}],"wp:attachment":[{"href":"https:\/\/techstore.ba\/shop\/wp-json\/wp\/v2\/media?parent=15035"}],"wp:term":[{"taxonomy":"product_cat","embeddable":true,"href":"https:\/\/techstore.ba\/shop\/wp-json\/wp\/v2\/product_cat?post=15035"},{"taxonomy":"product_tag","embeddable":true,"href":"https:\/\/techstore.ba\/shop\/wp-json\/wp\/v2\/product_tag?post=15035"}],"curies":[{"name":"wp","href":"https:\/\/api.w.org\/{rel}","templated":true}]}}