{"id":15031,"date":"2026-02-01T13:37:31","date_gmt":"2026-02-01T13:37:31","guid":{"rendered":"https:\/\/techstore.ba\/shop\/product\/tesla-air-fryer-af550bg-zapremina-5l-snaga-1500w\/"},"modified":"2026-03-19T14:19:48","modified_gmt":"2026-03-19T13:19:48","slug":"tesla-air-fryer-af550bg-zapremina-5l-snaga-1500w","status":"publish","type":"product","link":"https:\/\/techstore.ba\/shop\/product\/tesla-air-fryer-af550bg-zapremina-5l-snaga-1500w\/","title":{"rendered":"TESLA Air Fryer AF550BG Zapremina 5L, Snaga 1500W"},"content":{"rendered":"<h3>Specifikacije<\/h3>\n<table style=\"border-collapse:collapse;width:100%\">\n<tr>\n<th style=\"text-align:left;padding:6px 10px;border:1px solid #eee\">CAPACITY_AIRF<\/th>\n<td style=\"padding:6px 10px;border:1px solid #eee\">5L<\/td>\n<\/tr>\n<tr>\n<th style=\"text-align:left;padding:6px 10px;border:1px solid #eee\">COLOR_AIRF<\/th>\n<td style=\"padding:6px 10px;border:1px solid #eee\">Black<\/td>\n<\/tr>\n<tr>\n<th style=\"text-align:left;padding:6px 10px;border:1px solid #eee\">OIL_FREE_COOK_AIRF<\/th>\n<td style=\"padding:6px 10px;border:1px solid #eee\">Da<\/td>\n<\/tr>\n<tr>\n<th style=\"text-align:left;padding:6px 10px;border:1px solid #eee\">TEMP_MAX_AIRF<\/th>\n<td style=\"padding:6px 10px;border:1px solid #eee\">200<\/td>\n<\/tr>\n<tr>\n<th style=\"text-align:left;padding:6px 10px;border:1px solid #eee\">TEMP_MIN_AIRF<\/th>\n<td style=\"padding:6px 10px;border:1px solid #eee\">40<\/td>\n<\/tr>\n<tr>\n<th style=\"text-align:left;padding:6px 10px;border:1px solid #eee\">WIDTH _AIRF<\/th>\n<td style=\"padding:6px 10px;border:1px solid #eee\">35<\/td>\n<\/tr>\n<tr>\n<th style=\"text-align:left;padding:6px 10px;border:1px solid #eee\">DEPTH_AIRF<\/th>\n<td style=\"padding:6px 10px;border:1px solid #eee\">34<\/td>\n<\/tr>\n<tr>\n<th style=\"text-align:left;padding:6px 10px;border:1px solid #eee\">HEIGHT_AIRF<\/th>\n<td style=\"padding:6px 10px;border:1px solid #eee\">26,5<\/td>\n<\/tr>\n<tr>\n<th style=\"text-align:left;padding:6px 10px;border:1px solid #eee\">POWER_AIRF<\/th>\n<td style=\"padding:6px 10px;border:1px solid #eee\">1700W<\/td>\n<\/tr>\n<\/table>\n","protected":false},"excerpt":{"rendered":"<p>Temp. 30-200C, vrijeme od 0-60 minuta, auto isklj\u010divanje, za\u0161tita protiv pregrijavanja, predgrijavanje, i okreni hranu.10 programa; pe\u010denje, ro\u0161tijsko pe\u010denje, podgrijavanje, odr\u017eavanje toplote, AirFryer, pomfrit, pile\u0107a krilca, morski plodovi<\/p>\n","protected":false},"featured_media":17204,"template":"","meta":[],"product_cat":[764,845,15],"product_tag":[],"class_list":{"0":"post-15031","1":"product","2":"type-product","3":"status-publish","4":"has-post-thumbnail","6":"product_cat-ct-airfryers","7":"product_cat-brend-tesla","8":"product_cat-uncategorized","9":"pa_brend-air-fryers","11":"first","12":"outofstock","13":"shipping-taxable","14":"purchasable","15":"product-type-simple"},"_links":{"self":[{"href":"https:\/\/techstore.ba\/shop\/wp-json\/wp\/v2\/product\/15031","targetHints":{"allow":["GET"]}}],"collection":[{"href":"https:\/\/techstore.ba\/shop\/wp-json\/wp\/v2\/product"}],"about":[{"href":"https:\/\/techstore.ba\/shop\/wp-json\/wp\/v2\/types\/product"}],"wp:featuredmedia":[{"embeddable":true,"href":"https:\/\/techstore.ba\/shop\/wp-json\/wp\/v2\/media\/17204"}],"wp:attachment":[{"href":"https:\/\/techstore.ba\/shop\/wp-json\/wp\/v2\/media?parent=15031"}],"wp:term":[{"taxonomy":"product_cat","embeddable":true,"href":"https:\/\/techstore.ba\/shop\/wp-json\/wp\/v2\/product_cat?post=15031"},{"taxonomy":"product_tag","embeddable":true,"href":"https:\/\/techstore.ba\/shop\/wp-json\/wp\/v2\/product_tag?post=15031"}],"curies":[{"name":"wp","href":"https:\/\/api.w.org\/{rel}","templated":true}]}}