{"id":15022,"date":"2026-02-01T13:36:49","date_gmt":"2026-02-01T13:36:49","guid":{"rendered":"https:\/\/techstore.ba\/shop\/product\/tesla-air-fryer-af450bcs-zapremina-4-5l-snaga-1500w\/"},"modified":"2026-04-04T10:51:32","modified_gmt":"2026-04-04T08:51:32","slug":"tesla-air-fryer-af450bcs-zapremina-4-5l-snaga-1500w","status":"publish","type":"product","link":"https:\/\/techstore.ba\/shop\/product\/tesla-air-fryer-af450bcs-zapremina-4-5l-snaga-1500w\/","title":{"rendered":"TESLA Air Fryer AF450BCS Zapremina 4.5L, Snaga 1500W"},"content":{"rendered":"<h3>Specifikacije<\/h3>\n<table style=\"border-collapse:collapse;width:100%\">\n<tr>\n<th style=\"text-align:left;padding:6px 10px;border:1px solid #eee\">CAPACITY_AIRF<\/th>\n<td style=\"padding:6px 10px;border:1px solid #eee\">4,7L<\/td>\n<\/tr>\n<tr>\n<th style=\"text-align:left;padding:6px 10px;border:1px solid #eee\">HEIGHT_AIRF<\/th>\n<td style=\"padding:6px 10px;border:1px solid #eee\">40,6<\/td>\n<\/tr>\n<tr>\n<th style=\"text-align:left;padding:6px 10px;border:1px solid #eee\">OIL_FREE_COOK_AIRF<\/th>\n<td style=\"padding:6px 10px;border:1px solid #eee\">Da<\/td>\n<\/tr>\n<tr>\n<th style=\"text-align:left;padding:6px 10px;border:1px solid #eee\">TEMP_MIN_AIRF<\/th>\n<td style=\"padding:6px 10px;border:1px solid #eee\">40<\/td>\n<\/tr>\n<tr>\n<th style=\"text-align:left;padding:6px 10px;border:1px solid #eee\">WIDTH _AIRF<\/th>\n<td style=\"padding:6px 10px;border:1px solid #eee\">28,5<\/td>\n<\/tr>\n<tr>\n<th style=\"text-align:left;padding:6px 10px;border:1px solid #eee\">COLOR_AIRF<\/th>\n<td style=\"padding:6px 10px;border:1px solid #eee\">Grey<\/td>\n<\/tr>\n<tr>\n<th style=\"text-align:left;padding:6px 10px;border:1px solid #eee\">DEPTH_AIRF<\/th>\n<td style=\"padding:6px 10px;border:1px solid #eee\">34<\/td>\n<\/tr>\n<tr>\n<th style=\"text-align:left;padding:6px 10px;border:1px solid #eee\">POWER_AIRF<\/th>\n<td style=\"padding:6px 10px;border:1px solid #eee\">1550W<\/td>\n<\/tr>\n<tr>\n<th style=\"text-align:left;padding:6px 10px;border:1px solid #eee\">TEMP_MAX_AIRF<\/th>\n<td style=\"padding:6px 10px;border:1px solid #eee\">200<\/td>\n<\/tr>\n<\/table>\n","protected":false},"excerpt":{"rendered":"<p>Temp. 30-200C, vrijeme od 0-60 minuta, auto isklj\u010divanje, za\u0161tita protiv pregrijavanja, predgrijavanje, i okreni hranu.12 programa; pe\u010denje, ro\u0161tijsko pe\u010denje, podgrijavanje, odr\u017eavanje toplote, AirFryer, pomfrit, pile\u0107a krilca, morski plodovi<\/p>\n","protected":false},"featured_media":17198,"template":"","meta":[],"product_cat":[764,845,15],"product_tag":[],"class_list":{"0":"post-15022","1":"product","2":"type-product","3":"status-publish","4":"has-post-thumbnail","6":"product_cat-ct-airfryers","7":"product_cat-brend-tesla","8":"product_cat-uncategorized","9":"pa_brend-air-fryers","11":"first","12":"outofstock","13":"shipping-taxable","14":"purchasable","15":"product-type-simple"},"_links":{"self":[{"href":"https:\/\/techstore.ba\/shop\/wp-json\/wp\/v2\/product\/15022","targetHints":{"allow":["GET"]}}],"collection":[{"href":"https:\/\/techstore.ba\/shop\/wp-json\/wp\/v2\/product"}],"about":[{"href":"https:\/\/techstore.ba\/shop\/wp-json\/wp\/v2\/types\/product"}],"wp:featuredmedia":[{"embeddable":true,"href":"https:\/\/techstore.ba\/shop\/wp-json\/wp\/v2\/media\/17198"}],"wp:attachment":[{"href":"https:\/\/techstore.ba\/shop\/wp-json\/wp\/v2\/media?parent=15022"}],"wp:term":[{"taxonomy":"product_cat","embeddable":true,"href":"https:\/\/techstore.ba\/shop\/wp-json\/wp\/v2\/product_cat?post=15022"},{"taxonomy":"product_tag","embeddable":true,"href":"https:\/\/techstore.ba\/shop\/wp-json\/wp\/v2\/product_tag?post=15022"}],"curies":[{"name":"wp","href":"https:\/\/api.w.org\/{rel}","templated":true}]}}