{"id":15012,"date":"2026-02-01T13:36:28","date_gmt":"2026-02-01T13:36:28","guid":{"rendered":"https:\/\/techstore.ba\/shop\/product\/tefal-friteza-na-vr-zrak-5-0l\/"},"modified":"2026-04-04T10:51:32","modified_gmt":"2026-04-04T08:51:32","slug":"tefal-friteza-na-vr-zrak-5-0l","status":"publish","type":"product","link":"https:\/\/techstore.ba\/shop\/product\/tefal-friteza-na-vr-zrak-5-0l\/","title":{"rendered":"Tefal friteza na vr. zrak 5.0L"},"content":{"rendered":"<h3>Specifikacije<\/h3>\n<table style=\"border-collapse:collapse;width:100%\">\n<tr>\n<th style=\"text-align:left;padding:6px 10px;border:1px solid #eee\">CAPACITY_AIRF<\/th>\n<td style=\"padding:6px 10px;border:1px solid #eee\">5L<\/td>\n<\/tr>\n<tr>\n<th style=\"text-align:left;padding:6px 10px;border:1px solid #eee\">HEIGHT_AIRF<\/th>\n<td style=\"padding:6px 10px;border:1px solid #eee\">29<\/td>\n<\/tr>\n<tr>\n<th style=\"text-align:left;padding:6px 10px;border:1px solid #eee\">POWER_AIRF<\/th>\n<td style=\"padding:6px 10px;border:1px solid #eee\">1300W<\/td>\n<\/tr>\n<tr>\n<th style=\"text-align:left;padding:6px 10px;border:1px solid #eee\">TEMP_MAX_AIRF<\/th>\n<td style=\"padding:6px 10px;border:1px solid #eee\">200<\/td>\n<\/tr>\n<tr>\n<th style=\"text-align:left;padding:6px 10px;border:1px solid #eee\">TEMP_MIN_AIRF<\/th>\n<td style=\"padding:6px 10px;border:1px solid #eee\">60<\/td>\n<\/tr>\n<tr>\n<th style=\"text-align:left;padding:6px 10px;border:1px solid #eee\">WIDTH _AIRF<\/th>\n<td style=\"padding:6px 10px;border:1px solid #eee\">35<\/td>\n<\/tr>\n<tr>\n<th style=\"text-align:left;padding:6px 10px;border:1px solid #eee\">DEPTH_AIRF<\/th>\n<td style=\"padding:6px 10px;border:1px solid #eee\">34<\/td>\n<\/tr>\n<tr>\n<th style=\"text-align:left;padding:6px 10px;border:1px solid #eee\">OIL_FREE_COOK_AIRF<\/th>\n<td style=\"padding:6px 10px;border:1px solid #eee\">Da<\/td>\n<\/tr>\n<\/table>\n","protected":false},"excerpt":{"rendered":"<p>Tefal friteza na vru\u0107i zrak asy Fry Classic XL 5L je zdravije rje\u0161enje za va\u0161u svakodnevnu pr\u017eenu hranu. dizajnu.Podesivi izbornik temperature od 80-200C, Mehani\u010dki timer do 60min<\/p>\n","protected":false},"featured_media":17249,"template":"","meta":[],"product_cat":[764,844,15],"product_tag":[],"class_list":{"0":"post-15012","1":"product","2":"type-product","3":"status-publish","4":"has-post-thumbnail","6":"product_cat-ct-airfryers","7":"product_cat-brend-tefal","8":"product_cat-uncategorized","9":"pa_brend-air-fryers","11":"first","12":"instock","13":"shipping-taxable","14":"purchasable","15":"product-type-simple"},"_links":{"self":[{"href":"https:\/\/techstore.ba\/shop\/wp-json\/wp\/v2\/product\/15012","targetHints":{"allow":["GET"]}}],"collection":[{"href":"https:\/\/techstore.ba\/shop\/wp-json\/wp\/v2\/product"}],"about":[{"href":"https:\/\/techstore.ba\/shop\/wp-json\/wp\/v2\/types\/product"}],"wp:featuredmedia":[{"embeddable":true,"href":"https:\/\/techstore.ba\/shop\/wp-json\/wp\/v2\/media\/17249"}],"wp:attachment":[{"href":"https:\/\/techstore.ba\/shop\/wp-json\/wp\/v2\/media?parent=15012"}],"wp:term":[{"taxonomy":"product_cat","embeddable":true,"href":"https:\/\/techstore.ba\/shop\/wp-json\/wp\/v2\/product_cat?post=15012"},{"taxonomy":"product_tag","embeddable":true,"href":"https:\/\/techstore.ba\/shop\/wp-json\/wp\/v2\/product_tag?post=15012"}],"curies":[{"name":"wp","href":"https:\/\/api.w.org\/{rel}","templated":true}]}}