{"id":14453,"date":"2026-02-01T08:35:16","date_gmt":"2026-02-01T08:35:16","guid":{"rendered":"https:\/\/techstore.ba\/shop\/product\/trust-produzni-kabl-zastita-6-uticnica-prenaponska-zastita\/"},"modified":"2026-03-19T14:19:31","modified_gmt":"2026-03-19T13:19:31","slug":"trust-produzni-kabl-zastita-6-uticnica-prenaponska-zastita","status":"publish","type":"product","link":"https:\/\/techstore.ba\/shop\/product\/trust-produzni-kabl-zastita-6-uticnica-prenaponska-zastita\/","title":{"rendered":"Trust produ\u017eni kabl-za\u0161tita 6 uti\u010dnica, prenaponska za\u0161tita"},"content":{"rendered":"","protected":false},"excerpt":{"rendered":"<p>Trust produ\u017eni kabl sa prenaponskom za\u0161titom, 21059. 6 uti\u010dnica, ON\/OFF indikator.Za\u0161tita od strujnog preoptere\u0107enja,po\u017eara,kratkog spoja ili udara groma. Du\u017eina kabla 1.8 m.<\/p>\n","protected":false},"featured_media":14945,"template":"","meta":[],"product_cat":[281],"product_tag":[],"class_list":{"0":"post-14453","1":"product","2":"type-product","3":"status-publish","4":"has-post-thumbnail","6":"product_brand-trust","7":"product_cat-ct-adapters","8":"pa_brend-trust","10":"first","11":"instock","12":"shipping-taxable","13":"purchasable","14":"product-type-simple"},"_links":{"self":[{"href":"https:\/\/techstore.ba\/shop\/wp-json\/wp\/v2\/product\/14453","targetHints":{"allow":["GET"]}}],"collection":[{"href":"https:\/\/techstore.ba\/shop\/wp-json\/wp\/v2\/product"}],"about":[{"href":"https:\/\/techstore.ba\/shop\/wp-json\/wp\/v2\/types\/product"}],"wp:featuredmedia":[{"embeddable":true,"href":"https:\/\/techstore.ba\/shop\/wp-json\/wp\/v2\/media\/14945"}],"wp:attachment":[{"href":"https:\/\/techstore.ba\/shop\/wp-json\/wp\/v2\/media?parent=14453"}],"wp:term":[{"taxonomy":"product_cat","embeddable":true,"href":"https:\/\/techstore.ba\/shop\/wp-json\/wp\/v2\/product_cat?post=14453"},{"taxonomy":"product_tag","embeddable":true,"href":"https:\/\/techstore.ba\/shop\/wp-json\/wp\/v2\/product_tag?post=14453"}],"curies":[{"name":"wp","href":"https:\/\/api.w.org\/{rel}","templated":true}]}}