{"id":14425,"date":"2026-01-31T16:50:52","date_gmt":"2026-01-31T15:50:52","guid":{"rendered":"https:\/\/techstore.ba\/shop\/product\/xiaomi-produzni-kabl-3-x-schuko-2-x-usb-c-20w-1x-usb-a-15w-duzina-1-4-m\/"},"modified":"2026-04-04T10:50:15","modified_gmt":"2026-04-04T08:50:15","slug":"xiaomi-produzni-kabl-3-x-schuko-2-x-usb-c-20w-1x-usb-a-15w-duzina-1-4-m","status":"publish","type":"product","link":"https:\/\/techstore.ba\/shop\/product\/xiaomi-produzni-kabl-3-x-schuko-2-x-usb-c-20w-1x-usb-a-15w-duzina-1-4-m\/","title":{"rendered":"Xiaomi produ\u017eni kabl 3 x Schuko, 2 x USB-C (20W), 1x USB-A (15W), du\u017eina 1.4 m"},"content":{"rendered":"<p>Xiaomi produ\u017eni kabl 3 x Schuko, 2 x USB-C (20W), 1x USB-A (15W), du\u017eina 1.4 m<\/p>\n","protected":false},"excerpt":{"rendered":"<p>Xiaomi produ\u017eni kabl 3 x Schuko, 2 x USB-C (20W), 1x USB-A (15W), du\u017eina 1.4 m<\/p>\n","protected":false},"featured_media":52349,"template":"","meta":[],"product_cat":[281,554],"product_tag":[],"class_list":{"0":"post-14425","1":"product","2":"type-product","3":"status-publish","4":"has-post-thumbnail","6":"product_cat-ct-adapters","7":"product_cat-brend-xiaomi","8":"pa_brend-adapteri","10":"first","11":"instock","12":"shipping-taxable","13":"purchasable","14":"product-type-simple"},"_links":{"self":[{"href":"https:\/\/techstore.ba\/shop\/wp-json\/wp\/v2\/product\/14425","targetHints":{"allow":["GET"]}}],"collection":[{"href":"https:\/\/techstore.ba\/shop\/wp-json\/wp\/v2\/product"}],"about":[{"href":"https:\/\/techstore.ba\/shop\/wp-json\/wp\/v2\/types\/product"}],"wp:featuredmedia":[{"embeddable":true,"href":"https:\/\/techstore.ba\/shop\/wp-json\/wp\/v2\/media\/52349"}],"wp:attachment":[{"href":"https:\/\/techstore.ba\/shop\/wp-json\/wp\/v2\/media?parent=14425"}],"wp:term":[{"taxonomy":"product_cat","embeddable":true,"href":"https:\/\/techstore.ba\/shop\/wp-json\/wp\/v2\/product_cat?post=14425"},{"taxonomy":"product_tag","embeddable":true,"href":"https:\/\/techstore.ba\/shop\/wp-json\/wp\/v2\/product_tag?post=14425"}],"curies":[{"name":"wp","href":"https:\/\/api.w.org\/{rel}","templated":true}]}}