{"id":14417,"date":"2026-01-31T15:41:26","date_gmt":"2026-01-31T14:41:26","guid":{"rendered":"https:\/\/techstore.ba\/shop\/product\/xiaomi-punjac-33w-usb-a-izlaz-ukljucen-kabl-usb-a-to-usb-c\/"},"modified":"2026-02-25T11:12:39","modified_gmt":"2026-02-25T10:12:39","slug":"xiaomi-punjac-33w-usb-a-izlaz-ukljucen-kabl-usb-a-to-usb-c","status":"publish","type":"product","link":"https:\/\/techstore.ba\/shop\/product\/xiaomi-punjac-33w-usb-a-izlaz-ukljucen-kabl-usb-a-to-usb-c\/","title":{"rendered":"Xiaomi punja\u010d 33W USB A izlaz, uklju\u010den kabl (USB A to USB C)"},"content":{"rendered":"<p>Xiaomi punja\u010d 33W, USB A izlaz, uklju\u010den kabl (USB A to USB C)<\/p>\n","protected":false},"excerpt":{"rendered":"<p>Xiaomi punja\u010d 33W, USB A izlaz, uklju\u010den kabl (USB A to USB C)<\/p>\n","protected":false},"featured_media":14940,"template":"","meta":[],"product_cat":[281],"product_tag":[],"class_list":{"0":"post-14417","1":"product","2":"type-product","3":"status-publish","4":"has-post-thumbnail","6":"product_brand-xiaomi","7":"product_cat-ct-adapters","8":"pa_brend-xiaomi","10":"first","11":"instock","12":"shipping-taxable","13":"purchasable","14":"product-type-simple"},"_links":{"self":[{"href":"https:\/\/techstore.ba\/shop\/wp-json\/wp\/v2\/product\/14417","targetHints":{"allow":["GET"]}}],"collection":[{"href":"https:\/\/techstore.ba\/shop\/wp-json\/wp\/v2\/product"}],"about":[{"href":"https:\/\/techstore.ba\/shop\/wp-json\/wp\/v2\/types\/product"}],"wp:featuredmedia":[{"embeddable":true,"href":"https:\/\/techstore.ba\/shop\/wp-json\/wp\/v2\/media\/14940"}],"wp:attachment":[{"href":"https:\/\/techstore.ba\/shop\/wp-json\/wp\/v2\/media?parent=14417"}],"wp:term":[{"taxonomy":"product_cat","embeddable":true,"href":"https:\/\/techstore.ba\/shop\/wp-json\/wp\/v2\/product_cat?post=14417"},{"taxonomy":"product_tag","embeddable":true,"href":"https:\/\/techstore.ba\/shop\/wp-json\/wp\/v2\/product_tag?post=14417"}],"curies":[{"name":"wp","href":"https:\/\/api.w.org\/{rel}","templated":true}]}}